{"id":2186769,"date":"2024-04-22T07:57:29","date_gmt":"2024-04-22T05:57:29","guid":{"rendered":"https:\/\/bornholm.info\/mountainbike-paa-bornholm\/"},"modified":"2024-06-18T10:12:52","modified_gmt":"2024-06-18T08:12:52","slug":"mountainbike-paa-bornholm","status":"publish","type":"page","link":"https:\/\/bornholm.info\/de\/mountainbike-paa-bornholm\/","title":{"rendered":"Mountainbike p\u00e5 Bornholm"},"content":{"rendered":"<div id=\"bornh-1087137357\" class=\"bornh-before-content-paa-lost-password-siden bornh-entity-placement\"><a data-no-instant=\"1\" href=\"https:\/\/www.youtube.com\/channel\/UC2ZVDESONJ4EaIHaoeKngsw\" rel=\"noopener nofollow\" class=\"a2t-link\" target=\"_blank\" aria-label=\"youtube_300x250_annonce\"><img loading=\"lazy\" decoding=\"async\" src=\"https:\/\/bornholm.info\/wp-content\/media\/2017\/07\/youtube_300x250_annonce.jpg\" alt=\"\"  width=\"300\" height=\"250\"   \/><\/a><\/div>","protected":false},"excerpt":{"rendered":"","protected":false},"author":25,"featured_media":0,"parent":0,"menu_order":0,"comment_status":"closed","ping_status":"closed","template":"template-parts\/thema.php","meta":{"_acf_changed":false,"footnotes":""},"class_list":["post-2186769","page","type-page","status-publish","hentry","kategory-attraktionen","kategory-outdoor-de","tag-mountainbike-de","tag-outdoor-de"],"acf":[],"yoast_head":"<!-- This site is optimized with the Yoast SEO plugin v27.4 - https:\/\/yoast.com\/product\/yoast-seo-wordpress\/ -->\n<title>Mountainbiken auf Bornholm<\/title>\n<meta name=\"description\" content=\"Bornholm bietet jede Menge Mountainbike-Herausforderungen f\u00fcr Anf\u00e4nger und Profis. Hier erhaltet Ihr Ideen f\u00fcr Euer n\u00e4chstes MTB-Abenteuer auf Bornholm. Mountainbiken auf Bornholm ist f\u00fcr alle.\" \/>\n<meta name=\"robots\" content=\"index, follow, max-snippet:-1, max-image-preview:large, max-video-preview:-1\" \/>\n<link rel=\"canonical\" href=\"https:\/\/bornholm.info\/de\/mountainbike-paa-bornholm\/\" \/>\n<meta property=\"og:locale\" content=\"de_DE\" \/>\n<meta property=\"og:type\" content=\"article\" \/>\n<meta property=\"og:title\" content=\"Mountainbike p\u00e5 Bornholm\" \/>\n<meta property=\"og:description\" content=\"Bornholm tilbyder masser af udfordringer for b\u00e5de begyndere og \u00f8vede p\u00e5 mountainbike. Bornholm har udviklet sig til et sandt mekka for MTB entusiaster. Flere lokale virksomheder og mountainbikek\u00f8rere arbejder p\u00e5 at g\u00f8re Bornholm til en af de bedste MTB destinationer i Norden.\" \/>\n<meta property=\"og:url\" content=\"https:\/\/bornholm.info\/de\/mountainbike-paa-bornholm\/\" \/>\n<meta property=\"og:site_name\" content=\"Destination Bornholm\" \/>\n<meta property=\"article:publisher\" content=\"https:\/\/www.facebook.com\/bornholminfo\" \/>\n<meta property=\"article:modified_time\" content=\"2024-06-18T08:12:52+00:00\" \/>\n<meta property=\"og:image\" content=\"https:\/\/bornholm.info\/wp-content\/media\/2020\/01\/mountainbike_mtb_header.jpg\" \/>\n\t<meta property=\"og:image:width\" content=\"1800\" \/>\n\t<meta property=\"og:image:height\" content=\"800\" \/>\n\t<meta property=\"og:image:type\" content=\"image\/jpeg\" \/>\n<meta name=\"twitter:card\" content=\"summary_large_image\" \/>\n<script type=\"application\/ld+json\" class=\"yoast-schema-graph\">{\"@context\":\"https:\\\/\\\/schema.org\",\"@graph\":[{\"@type\":\"WebPage\",\"@id\":\"https:\\\/\\\/bornholm.info\\\/de\\\/mountainbike-paa-bornholm\\\/\",\"url\":\"https:\\\/\\\/bornholm.info\\\/de\\\/mountainbike-paa-bornholm\\\/\",\"name\":\"Mountainbiken auf Bornholm\",\"isPartOf\":{\"@id\":\"https:\\\/\\\/bornholm.info\\\/de\\\/#website\"},\"datePublished\":\"2024-04-22T05:57:29+00:00\",\"dateModified\":\"2024-06-18T08:12:52+00:00\",\"description\":\"Bornholm bietet jede Menge Mountainbike-Herausforderungen f\u00fcr Anf\u00e4nger und Profis. Hier erhaltet Ihr Ideen f\u00fcr Euer n\u00e4chstes MTB-Abenteuer auf Bornholm. Mountainbiken auf Bornholm ist f\u00fcr alle.\",\"breadcrumb\":{\"@id\":\"https:\\\/\\\/bornholm.info\\\/de\\\/mountainbike-paa-bornholm\\\/#breadcrumb\"},\"inLanguage\":\"de\",\"potentialAction\":[{\"@type\":\"ReadAction\",\"target\":[\"https:\\\/\\\/bornholm.info\\\/de\\\/mountainbike-paa-bornholm\\\/\"]}]},{\"@type\":\"BreadcrumbList\",\"@id\":\"https:\\\/\\\/bornholm.info\\\/de\\\/mountainbike-paa-bornholm\\\/#breadcrumb\",\"itemListElement\":[{\"@type\":\"ListItem\",\"position\":1,\"name\":\"Home\",\"item\":\"https:\\\/\\\/bornholm.info\\\/de\\\/\"},{\"@type\":\"ListItem\",\"position\":2,\"name\":\"Mountainbike p\u00e5 Bornholm\"}]},{\"@type\":\"WebSite\",\"@id\":\"https:\\\/\\\/bornholm.info\\\/de\\\/#website\",\"url\":\"https:\\\/\\\/bornholm.info\\\/de\\\/\",\"name\":\"Destination Bornholm\",\"description\":\"The Official Travel Guide to Bornholm\",\"potentialAction\":[{\"@type\":\"SearchAction\",\"target\":{\"@type\":\"EntryPoint\",\"urlTemplate\":\"https:\\\/\\\/bornholm.info\\\/de\\\/?s={search_term_string}\"},\"query-input\":{\"@type\":\"PropertyValueSpecification\",\"valueRequired\":true,\"valueName\":\"search_term_string\"}}],\"inLanguage\":\"de\"}]}<\/script>\n<!-- \/ Yoast SEO plugin. -->","yoast_head_json":{"title":"Mountainbiken auf Bornholm","description":"Bornholm bietet jede Menge Mountainbike-Herausforderungen f\u00fcr Anf\u00e4nger und Profis. Hier erhaltet Ihr Ideen f\u00fcr Euer n\u00e4chstes MTB-Abenteuer auf Bornholm. Mountainbiken auf Bornholm ist f\u00fcr alle.","robots":{"index":"index","follow":"follow","max-snippet":"max-snippet:-1","max-image-preview":"max-image-preview:large","max-video-preview":"max-video-preview:-1"},"canonical":"https:\/\/bornholm.info\/de\/mountainbike-paa-bornholm\/","og_locale":"de_DE","og_type":"article","og_title":"Mountainbike p\u00e5 Bornholm","og_description":"Bornholm tilbyder masser af udfordringer for b\u00e5de begyndere og \u00f8vede p\u00e5 mountainbike. Bornholm har udviklet sig til et sandt mekka for MTB entusiaster. Flere lokale virksomheder og mountainbikek\u00f8rere arbejder p\u00e5 at g\u00f8re Bornholm til en af de bedste MTB destinationer i Norden.","og_url":"https:\/\/bornholm.info\/de\/mountainbike-paa-bornholm\/","og_site_name":"Destination Bornholm","article_publisher":"https:\/\/www.facebook.com\/bornholminfo","article_modified_time":"2024-06-18T08:12:52+00:00","og_image":[{"width":1800,"height":800,"url":"https:\/\/bornholm.info\/wp-content\/media\/2020\/01\/mountainbike_mtb_header.jpg","type":"image\/jpeg"}],"twitter_card":"summary_large_image","schema":{"@context":"https:\/\/schema.org","@graph":[{"@type":"WebPage","@id":"https:\/\/bornholm.info\/de\/mountainbike-paa-bornholm\/","url":"https:\/\/bornholm.info\/de\/mountainbike-paa-bornholm\/","name":"Mountainbiken auf Bornholm","isPartOf":{"@id":"https:\/\/bornholm.info\/de\/#website"},"datePublished":"2024-04-22T05:57:29+00:00","dateModified":"2024-06-18T08:12:52+00:00","description":"Bornholm bietet jede Menge Mountainbike-Herausforderungen f\u00fcr Anf\u00e4nger und Profis. Hier erhaltet Ihr Ideen f\u00fcr Euer n\u00e4chstes MTB-Abenteuer auf Bornholm. Mountainbiken auf Bornholm ist f\u00fcr alle.","breadcrumb":{"@id":"https:\/\/bornholm.info\/de\/mountainbike-paa-bornholm\/#breadcrumb"},"inLanguage":"de","potentialAction":[{"@type":"ReadAction","target":["https:\/\/bornholm.info\/de\/mountainbike-paa-bornholm\/"]}]},{"@type":"BreadcrumbList","@id":"https:\/\/bornholm.info\/de\/mountainbike-paa-bornholm\/#breadcrumb","itemListElement":[{"@type":"ListItem","position":1,"name":"Home","item":"https:\/\/bornholm.info\/de\/"},{"@type":"ListItem","position":2,"name":"Mountainbike p\u00e5 Bornholm"}]},{"@type":"WebSite","@id":"https:\/\/bornholm.info\/de\/#website","url":"https:\/\/bornholm.info\/de\/","name":"Destination Bornholm","description":"The Official Travel Guide to Bornholm","potentialAction":[{"@type":"SearchAction","target":{"@type":"EntryPoint","urlTemplate":"https:\/\/bornholm.info\/de\/?s={search_term_string}"},"query-input":{"@type":"PropertyValueSpecification","valueRequired":true,"valueName":"search_term_string"}}],"inLanguage":"de"}]}},"_links":{"self":[{"href":"https:\/\/bornholm.info\/de\/wp-json\/wp\/v2\/pages\/2186769","targetHints":{"allow":["GET"]}}],"collection":[{"href":"https:\/\/bornholm.info\/de\/wp-json\/wp\/v2\/pages"}],"about":[{"href":"https:\/\/bornholm.info\/de\/wp-json\/wp\/v2\/types\/page"}],"author":[{"embeddable":true,"href":"https:\/\/bornholm.info\/de\/wp-json\/wp\/v2\/users\/25"}],"replies":[{"embeddable":true,"href":"https:\/\/bornholm.info\/de\/wp-json\/wp\/v2\/comments?post=2186769"}],"version-history":[{"count":2,"href":"https:\/\/bornholm.info\/de\/wp-json\/wp\/v2\/pages\/2186769\/revisions"}],"predecessor-version":[{"id":2186773,"href":"https:\/\/bornholm.info\/de\/wp-json\/wp\/v2\/pages\/2186769\/revisions\/2186773"}],"wp:attachment":[{"href":"https:\/\/bornholm.info\/de\/wp-json\/wp\/v2\/media?parent=2186769"}],"curies":[{"name":"wp","href":"https:\/\/api.w.org\/{rel}","templated":true}]}}