{"id":2169334,"date":"2024-04-15T12:00:35","date_gmt":"2024-04-15T10:00:35","guid":{"rendered":"https:\/\/bornholm.info\/snogebaek\/"},"modified":"2024-04-29T14:05:28","modified_gmt":"2024-04-29T12:05:28","slug":"snogebaek","status":"publish","type":"page","link":"https:\/\/bornholm.info\/de\/snogebaek\/","title":{"rendered":"Snogeb\u00e6k"},"content":{"rendered":"<div id=\"bornh-2136027490\" class=\"bornh-before-content-paa-lost-password-siden\"><a data-no-instant=\"1\" href=\"https:\/\/www.youtube.com\/channel\/UC2ZVDESONJ4EaIHaoeKngsw\" rel=\"noopener nofollow\" class=\"a2t-link\" target=\"_blank\" aria-label=\"youtube_300x250_annonce\"><img loading=\"lazy\" decoding=\"async\" src=\"https:\/\/bornholm.info\/wp-content\/media\/2017\/07\/youtube_300x250_annonce.jpg\" alt=\"\"  width=\"300\" height=\"250\"   \/><\/a><\/div>","protected":false},"excerpt":{"rendered":"","protected":false},"author":25,"featured_media":0,"parent":0,"menu_order":0,"comment_status":"closed","ping_status":"closed","template":"template-parts\/thema.php","meta":{"_acf_changed":false,"footnotes":""},"class_list":["post-2169334","page","type-page","status-publish","hentry","kategory-attraktionen","kategory-guides-de","tag-snogebaek-de"],"acf":[],"yoast_head":"<!-- This site is optimized with the Yoast SEO plugin v27.2 - https:\/\/yoast.com\/product\/yoast-seo-wordpress\/ -->\n<title>Erlebt das kleine Fischerdorf Snogeb\u00e6k<\/title>\n<meta name=\"description\" content=\"Das kleine Fischerdorf Snogeb\u00e6k ist ein beliebtes Ausflugsziel f\u00fcr sowohl Bornholmer, als auch die G\u00e4ste der Insel. Besonders die Atmosph\u00e4re des Hafendorfes, viele gem\u00fctliche Restaurants, kleine, interessante Gesch\u00e4fte und der sch\u00f6ne Strand von Balka.\" \/>\n<meta name=\"robots\" content=\"index, follow, max-snippet:-1, max-image-preview:large, max-video-preview:-1\" \/>\n<link rel=\"canonical\" href=\"https:\/\/bornholm.info\/de\/snogebaek\/\" \/>\n<meta property=\"og:locale\" content=\"de_DE\" \/>\n<meta property=\"og:type\" content=\"article\" \/>\n<meta property=\"og:title\" content=\"Bes\u00f8g Snogeb\u00e6k - det hyggelige fiskerleje p\u00e5 Syd\u00f8stkysten\" \/>\n<meta property=\"og:description\" content=\"Snogeb\u00e6k er en lille bornholmsk perle - oplev hyggelig havnestemning, gode shoppingmuligheder og l\u00e6kker mad p\u00e5 gode spisesteder.\" \/>\n<meta property=\"og:url\" content=\"https:\/\/bornholm.info\/de\/snogebaek\/\" \/>\n<meta property=\"og:site_name\" content=\"Destination Bornholm\" \/>\n<meta property=\"article:publisher\" content=\"https:\/\/www.facebook.com\/bornholminfo\" \/>\n<meta property=\"article:modified_time\" content=\"2024-04-29T12:05:28+00:00\" \/>\n<meta property=\"og:image\" content=\"https:\/\/bornholm.info\/wp-content\/media\/2021\/09\/snogebaek-lowres-1920x830-kennethhult.jpg\" \/>\n\t<meta property=\"og:image:width\" content=\"1920\" \/>\n\t<meta property=\"og:image:height\" content=\"830\" \/>\n\t<meta property=\"og:image:type\" content=\"image\/jpeg\" \/>\n<meta name=\"twitter:card\" content=\"summary_large_image\" \/>\n<meta name=\"twitter:title\" content=\"Bes\u00f8g Snogeb\u00e6k - det hyggelige fiskerleje p\u00e5 Syd\u00f8stkysten\" \/>\n<meta name=\"twitter:description\" content=\"Snogeb\u00e6k er en lille bornholmsk perle - oplev hyggelig havnestemning, gode shoppingmuligheder og l\u00e6kker mad p\u00e5 gode spisesteder.\" \/>\n<meta name=\"twitter:image\" content=\"https:\/\/bornholm.info\/wp-content\/media\/2021\/09\/snogebaek-lowres-1920x830-kennethhult.jpg\" \/>\n<script type=\"application\/ld+json\" class=\"yoast-schema-graph\">{\"@context\":\"https:\/\/schema.org\",\"@graph\":[{\"@type\":\"WebPage\",\"@id\":\"https:\/\/bornholm.info\/de\/snogebaek\/\",\"url\":\"https:\/\/bornholm.info\/de\/snogebaek\/\",\"name\":\"Erlebt das kleine Fischerdorf Snogeb\u00e6k\",\"isPartOf\":{\"@id\":\"https:\/\/bornholm.info\/de\/#website\"},\"datePublished\":\"2024-04-15T10:00:35+00:00\",\"dateModified\":\"2024-04-29T12:05:28+00:00\",\"description\":\"Das kleine Fischerdorf Snogeb\u00e6k ist ein beliebtes Ausflugsziel f\u00fcr sowohl Bornholmer, als auch die G\u00e4ste der Insel. Besonders die Atmosph\u00e4re des Hafendorfes, viele gem\u00fctliche Restaurants, kleine, interessante Gesch\u00e4fte und der sch\u00f6ne Strand von Balka.\",\"breadcrumb\":{\"@id\":\"https:\/\/bornholm.info\/de\/snogebaek\/#breadcrumb\"},\"inLanguage\":\"de\",\"potentialAction\":[{\"@type\":\"ReadAction\",\"target\":[\"https:\/\/bornholm.info\/de\/snogebaek\/\"]}]},{\"@type\":\"BreadcrumbList\",\"@id\":\"https:\/\/bornholm.info\/de\/snogebaek\/#breadcrumb\",\"itemListElement\":[{\"@type\":\"ListItem\",\"position\":1,\"name\":\"Home\",\"item\":\"https:\/\/bornholm.info\/de\/\"},{\"@type\":\"ListItem\",\"position\":2,\"name\":\"Snogeb\u00e6k\"}]},{\"@type\":\"WebSite\",\"@id\":\"https:\/\/bornholm.info\/de\/#website\",\"url\":\"https:\/\/bornholm.info\/de\/\",\"name\":\"Destination Bornholm\",\"description\":\"The Official Travel Guide to Bornholm\",\"potentialAction\":[{\"@type\":\"SearchAction\",\"target\":{\"@type\":\"EntryPoint\",\"urlTemplate\":\"https:\/\/bornholm.info\/de\/?s={search_term_string}\"},\"query-input\":{\"@type\":\"PropertyValueSpecification\",\"valueRequired\":true,\"valueName\":\"search_term_string\"}}],\"inLanguage\":\"de\"}]}<\/script>\n<!-- \/ Yoast SEO plugin. -->","yoast_head_json":{"title":"Erlebt das kleine Fischerdorf Snogeb\u00e6k","description":"Das kleine Fischerdorf Snogeb\u00e6k ist ein beliebtes Ausflugsziel f\u00fcr sowohl Bornholmer, als auch die G\u00e4ste der Insel. Besonders die Atmosph\u00e4re des Hafendorfes, viele gem\u00fctliche Restaurants, kleine, interessante Gesch\u00e4fte und der sch\u00f6ne Strand von Balka.","robots":{"index":"index","follow":"follow","max-snippet":"max-snippet:-1","max-image-preview":"max-image-preview:large","max-video-preview":"max-video-preview:-1"},"canonical":"https:\/\/bornholm.info\/de\/snogebaek\/","og_locale":"de_DE","og_type":"article","og_title":"Bes\u00f8g Snogeb\u00e6k - det hyggelige fiskerleje p\u00e5 Syd\u00f8stkysten","og_description":"Snogeb\u00e6k er en lille bornholmsk perle - oplev hyggelig havnestemning, gode shoppingmuligheder og l\u00e6kker mad p\u00e5 gode spisesteder.","og_url":"https:\/\/bornholm.info\/de\/snogebaek\/","og_site_name":"Destination Bornholm","article_publisher":"https:\/\/www.facebook.com\/bornholminfo","article_modified_time":"2024-04-29T12:05:28+00:00","og_image":[{"width":1920,"height":830,"url":"https:\/\/bornholm.info\/wp-content\/media\/2021\/09\/snogebaek-lowres-1920x830-kennethhult.jpg","type":"image\/jpeg"}],"twitter_card":"summary_large_image","twitter_title":"Bes\u00f8g Snogeb\u00e6k - det hyggelige fiskerleje p\u00e5 Syd\u00f8stkysten","twitter_description":"Snogeb\u00e6k er en lille bornholmsk perle - oplev hyggelig havnestemning, gode shoppingmuligheder og l\u00e6kker mad p\u00e5 gode spisesteder.","twitter_image":"https:\/\/bornholm.info\/wp-content\/media\/2021\/09\/snogebaek-lowres-1920x830-kennethhult.jpg","schema":{"@context":"https:\/\/schema.org","@graph":[{"@type":"WebPage","@id":"https:\/\/bornholm.info\/de\/snogebaek\/","url":"https:\/\/bornholm.info\/de\/snogebaek\/","name":"Erlebt das kleine Fischerdorf Snogeb\u00e6k","isPartOf":{"@id":"https:\/\/bornholm.info\/de\/#website"},"datePublished":"2024-04-15T10:00:35+00:00","dateModified":"2024-04-29T12:05:28+00:00","description":"Das kleine Fischerdorf Snogeb\u00e6k ist ein beliebtes Ausflugsziel f\u00fcr sowohl Bornholmer, als auch die G\u00e4ste der Insel. Besonders die Atmosph\u00e4re des Hafendorfes, viele gem\u00fctliche Restaurants, kleine, interessante Gesch\u00e4fte und der sch\u00f6ne Strand von Balka.","breadcrumb":{"@id":"https:\/\/bornholm.info\/de\/snogebaek\/#breadcrumb"},"inLanguage":"de","potentialAction":[{"@type":"ReadAction","target":["https:\/\/bornholm.info\/de\/snogebaek\/"]}]},{"@type":"BreadcrumbList","@id":"https:\/\/bornholm.info\/de\/snogebaek\/#breadcrumb","itemListElement":[{"@type":"ListItem","position":1,"name":"Home","item":"https:\/\/bornholm.info\/de\/"},{"@type":"ListItem","position":2,"name":"Snogeb\u00e6k"}]},{"@type":"WebSite","@id":"https:\/\/bornholm.info\/de\/#website","url":"https:\/\/bornholm.info\/de\/","name":"Destination Bornholm","description":"The Official Travel Guide to Bornholm","potentialAction":[{"@type":"SearchAction","target":{"@type":"EntryPoint","urlTemplate":"https:\/\/bornholm.info\/de\/?s={search_term_string}"},"query-input":{"@type":"PropertyValueSpecification","valueRequired":true,"valueName":"search_term_string"}}],"inLanguage":"de"}]}},"_links":{"self":[{"href":"https:\/\/bornholm.info\/de\/wp-json\/wp\/v2\/pages\/2169334","targetHints":{"allow":["GET"]}}],"collection":[{"href":"https:\/\/bornholm.info\/de\/wp-json\/wp\/v2\/pages"}],"about":[{"href":"https:\/\/bornholm.info\/de\/wp-json\/wp\/v2\/types\/page"}],"author":[{"embeddable":true,"href":"https:\/\/bornholm.info\/de\/wp-json\/wp\/v2\/users\/25"}],"replies":[{"embeddable":true,"href":"https:\/\/bornholm.info\/de\/wp-json\/wp\/v2\/comments?post=2169334"}],"version-history":[{"count":2,"href":"https:\/\/bornholm.info\/de\/wp-json\/wp\/v2\/pages\/2169334\/revisions"}],"predecessor-version":[{"id":2169345,"href":"https:\/\/bornholm.info\/de\/wp-json\/wp\/v2\/pages\/2169334\/revisions\/2169345"}],"wp:attachment":[{"href":"https:\/\/bornholm.info\/de\/wp-json\/wp\/v2\/media?parent=2169334"}],"curies":[{"name":"wp","href":"https:\/\/api.w.org\/{rel}","templated":true}]}}