{"id":2159414,"date":"2024-04-04T07:30:52","date_gmt":"2024-04-04T05:30:52","guid":{"rendered":"https:\/\/bornholm.info\/aakirkeby\/"},"modified":"2024-04-09T08:24:29","modified_gmt":"2024-04-09T06:24:29","slug":"erlebt-aakirkeby","status":"publish","type":"page","link":"https:\/\/bornholm.info\/de\/erlebt-aakirkeby\/","title":{"rendered":"Aakirkeby"},"content":{"rendered":"<div id=\"bornh-2074987319\" class=\"bornh-before-content-paa-lost-password-siden bornh-entity-placement\"><a data-no-instant=\"1\" href=\"https:\/\/www.youtube.com\/channel\/UC2ZVDESONJ4EaIHaoeKngsw\" rel=\"noopener nofollow\" class=\"a2t-link\" target=\"_blank\" aria-label=\"youtube_300x250_annonce\"><img loading=\"lazy\" decoding=\"async\" src=\"https:\/\/bornholm.info\/wp-content\/media\/2017\/07\/youtube_300x250_annonce.jpg\" alt=\"\"  width=\"300\" height=\"250\"   \/><\/a><\/div>","protected":false},"excerpt":{"rendered":"","protected":false},"author":25,"featured_media":0,"parent":0,"menu_order":0,"comment_status":"closed","ping_status":"closed","template":"template-parts\/thema.php","meta":{"_acf_changed":false,"footnotes":""},"class_list":["post-2159414","page","type-page","status-publish","hentry","kategory-attraktionen","kategory-guides-de","tag-aakirkeby-de"],"acf":[],"yoast_head":"<!-- This site is optimized with the Yoast SEO plugin v27.4 - https:\/\/yoast.com\/product\/yoast-seo-wordpress\/ -->\n<title>Aakirkeby<\/title>\n<meta name=\"description\" content=\"Entdecken Sie Dinosaurier und geologische Zeitalter. Die wichtigste Stadt Bornholms im Mittelalter bietet heute die Kulisse f\u00fcr das Erlebniszentrum NaturBornholm. Aakirkeby bildet auch den Rahmen f\u00fcr die zahlreichen M\u00f6glichkeiten, Outdoorsport auf der Insel zu betreiben.\" \/>\n<meta name=\"robots\" content=\"index, follow, max-snippet:-1, max-image-preview:large, max-video-preview:-1\" \/>\n<link rel=\"canonical\" href=\"https:\/\/bornholm.info\/de\/erlebt-aakirkeby\/\" \/>\n<meta property=\"og:locale\" content=\"de_DE\" \/>\n<meta property=\"og:type\" content=\"article\" \/>\n<meta property=\"og:title\" content=\"Oplev Aakirkeby - den hyggelige k\u00f8bstad i hjertet af Bornholm\" \/>\n<meta property=\"og:description\" content=\"Aakirkeby ligger midt p\u00e5 Bornholm. Her finder du bla. oplevelsescenteret NaturBornholm. T\u00e6t p\u00e5 ligger b\u00e5de skov og finde sandstrande.\" \/>\n<meta property=\"og:url\" content=\"https:\/\/bornholm.info\/de\/erlebt-aakirkeby\/\" \/>\n<meta property=\"og:site_name\" content=\"Destination Bornholm\" \/>\n<meta property=\"article:publisher\" content=\"https:\/\/www.facebook.com\/bornholminfo\" \/>\n<meta property=\"article:modified_time\" content=\"2024-04-09T06:24:29+00:00\" \/>\n<meta property=\"og:image\" content=\"https:\/\/bornholm.info\/wp-content\/media\/2018\/01\/aakirkeby-torv-1920x830.jpg\" \/>\n\t<meta property=\"og:image:width\" content=\"1920\" \/>\n\t<meta property=\"og:image:height\" content=\"830\" \/>\n\t<meta property=\"og:image:type\" content=\"image\/jpeg\" \/>\n<meta name=\"twitter:card\" content=\"summary_large_image\" \/>\n<meta name=\"twitter:title\" content=\"Oplev Aakirkeby - den hyggelige k\u00f8bstad i hjertet af Bornholm\" \/>\n<meta name=\"twitter:description\" content=\"Aakirkeby ligger midt p\u00e5 Bornholm. Her finder du bla. oplevelsescenteret NaturBornholm. T\u00e6t p\u00e5 ligger b\u00e5de skov og finde sandstrande.\" \/>\n<meta name=\"twitter:image\" content=\"https:\/\/bornholm.info\/wp-content\/media\/2018\/01\/aakirkeby-torv-1920x830.jpg\" \/>\n<script type=\"application\/ld+json\" class=\"yoast-schema-graph\">{\"@context\":\"https:\\\/\\\/schema.org\",\"@graph\":[{\"@type\":\"WebPage\",\"@id\":\"https:\\\/\\\/bornholm.info\\\/de\\\/erlebt-aakirkeby\\\/\",\"url\":\"https:\\\/\\\/bornholm.info\\\/de\\\/erlebt-aakirkeby\\\/\",\"name\":\"Aakirkeby\",\"isPartOf\":{\"@id\":\"https:\\\/\\\/bornholm.info\\\/de\\\/#website\"},\"datePublished\":\"2024-04-04T05:30:52+00:00\",\"dateModified\":\"2024-04-09T06:24:29+00:00\",\"description\":\"Entdecken Sie Dinosaurier und geologische Zeitalter. Die wichtigste Stadt Bornholms im Mittelalter bietet heute die Kulisse f\u00fcr das Erlebniszentrum NaturBornholm. Aakirkeby bildet auch den Rahmen f\u00fcr die zahlreichen M\u00f6glichkeiten, Outdoorsport auf der Insel zu betreiben.\",\"breadcrumb\":{\"@id\":\"https:\\\/\\\/bornholm.info\\\/de\\\/erlebt-aakirkeby\\\/#breadcrumb\"},\"inLanguage\":\"de\",\"potentialAction\":[{\"@type\":\"ReadAction\",\"target\":[\"https:\\\/\\\/bornholm.info\\\/de\\\/erlebt-aakirkeby\\\/\"]}]},{\"@type\":\"BreadcrumbList\",\"@id\":\"https:\\\/\\\/bornholm.info\\\/de\\\/erlebt-aakirkeby\\\/#breadcrumb\",\"itemListElement\":[{\"@type\":\"ListItem\",\"position\":1,\"name\":\"Home\",\"item\":\"https:\\\/\\\/bornholm.info\\\/de\\\/\"},{\"@type\":\"ListItem\",\"position\":2,\"name\":\"Aakirkeby\"}]},{\"@type\":\"WebSite\",\"@id\":\"https:\\\/\\\/bornholm.info\\\/de\\\/#website\",\"url\":\"https:\\\/\\\/bornholm.info\\\/de\\\/\",\"name\":\"Destination Bornholm\",\"description\":\"The Official Travel Guide to Bornholm\",\"potentialAction\":[{\"@type\":\"SearchAction\",\"target\":{\"@type\":\"EntryPoint\",\"urlTemplate\":\"https:\\\/\\\/bornholm.info\\\/de\\\/?s={search_term_string}\"},\"query-input\":{\"@type\":\"PropertyValueSpecification\",\"valueRequired\":true,\"valueName\":\"search_term_string\"}}],\"inLanguage\":\"de\"}]}<\/script>\n<!-- \/ Yoast SEO plugin. -->","yoast_head_json":{"title":"Aakirkeby","description":"Entdecken Sie Dinosaurier und geologische Zeitalter. Die wichtigste Stadt Bornholms im Mittelalter bietet heute die Kulisse f\u00fcr das Erlebniszentrum NaturBornholm. Aakirkeby bildet auch den Rahmen f\u00fcr die zahlreichen M\u00f6glichkeiten, Outdoorsport auf der Insel zu betreiben.","robots":{"index":"index","follow":"follow","max-snippet":"max-snippet:-1","max-image-preview":"max-image-preview:large","max-video-preview":"max-video-preview:-1"},"canonical":"https:\/\/bornholm.info\/de\/erlebt-aakirkeby\/","og_locale":"de_DE","og_type":"article","og_title":"Oplev Aakirkeby - den hyggelige k\u00f8bstad i hjertet af Bornholm","og_description":"Aakirkeby ligger midt p\u00e5 Bornholm. Her finder du bla. oplevelsescenteret NaturBornholm. T\u00e6t p\u00e5 ligger b\u00e5de skov og finde sandstrande.","og_url":"https:\/\/bornholm.info\/de\/erlebt-aakirkeby\/","og_site_name":"Destination Bornholm","article_publisher":"https:\/\/www.facebook.com\/bornholminfo","article_modified_time":"2024-04-09T06:24:29+00:00","og_image":[{"width":1920,"height":830,"url":"https:\/\/bornholm.info\/wp-content\/media\/2018\/01\/aakirkeby-torv-1920x830.jpg","type":"image\/jpeg"}],"twitter_card":"summary_large_image","twitter_title":"Oplev Aakirkeby - den hyggelige k\u00f8bstad i hjertet af Bornholm","twitter_description":"Aakirkeby ligger midt p\u00e5 Bornholm. Her finder du bla. oplevelsescenteret NaturBornholm. T\u00e6t p\u00e5 ligger b\u00e5de skov og finde sandstrande.","twitter_image":"https:\/\/bornholm.info\/wp-content\/media\/2018\/01\/aakirkeby-torv-1920x830.jpg","schema":{"@context":"https:\/\/schema.org","@graph":[{"@type":"WebPage","@id":"https:\/\/bornholm.info\/de\/erlebt-aakirkeby\/","url":"https:\/\/bornholm.info\/de\/erlebt-aakirkeby\/","name":"Aakirkeby","isPartOf":{"@id":"https:\/\/bornholm.info\/de\/#website"},"datePublished":"2024-04-04T05:30:52+00:00","dateModified":"2024-04-09T06:24:29+00:00","description":"Entdecken Sie Dinosaurier und geologische Zeitalter. Die wichtigste Stadt Bornholms im Mittelalter bietet heute die Kulisse f\u00fcr das Erlebniszentrum NaturBornholm. Aakirkeby bildet auch den Rahmen f\u00fcr die zahlreichen M\u00f6glichkeiten, Outdoorsport auf der Insel zu betreiben.","breadcrumb":{"@id":"https:\/\/bornholm.info\/de\/erlebt-aakirkeby\/#breadcrumb"},"inLanguage":"de","potentialAction":[{"@type":"ReadAction","target":["https:\/\/bornholm.info\/de\/erlebt-aakirkeby\/"]}]},{"@type":"BreadcrumbList","@id":"https:\/\/bornholm.info\/de\/erlebt-aakirkeby\/#breadcrumb","itemListElement":[{"@type":"ListItem","position":1,"name":"Home","item":"https:\/\/bornholm.info\/de\/"},{"@type":"ListItem","position":2,"name":"Aakirkeby"}]},{"@type":"WebSite","@id":"https:\/\/bornholm.info\/de\/#website","url":"https:\/\/bornholm.info\/de\/","name":"Destination Bornholm","description":"The Official Travel Guide to Bornholm","potentialAction":[{"@type":"SearchAction","target":{"@type":"EntryPoint","urlTemplate":"https:\/\/bornholm.info\/de\/?s={search_term_string}"},"query-input":{"@type":"PropertyValueSpecification","valueRequired":true,"valueName":"search_term_string"}}],"inLanguage":"de"}]}},"_links":{"self":[{"href":"https:\/\/bornholm.info\/de\/wp-json\/wp\/v2\/pages\/2159414","targetHints":{"allow":["GET"]}}],"collection":[{"href":"https:\/\/bornholm.info\/de\/wp-json\/wp\/v2\/pages"}],"about":[{"href":"https:\/\/bornholm.info\/de\/wp-json\/wp\/v2\/types\/page"}],"author":[{"embeddable":true,"href":"https:\/\/bornholm.info\/de\/wp-json\/wp\/v2\/users\/25"}],"replies":[{"embeddable":true,"href":"https:\/\/bornholm.info\/de\/wp-json\/wp\/v2\/comments?post=2159414"}],"version-history":[{"count":1,"href":"https:\/\/bornholm.info\/de\/wp-json\/wp\/v2\/pages\/2159414\/revisions"}],"predecessor-version":[{"id":2159416,"href":"https:\/\/bornholm.info\/de\/wp-json\/wp\/v2\/pages\/2159414\/revisions\/2159416"}],"wp:attachment":[{"href":"https:\/\/bornholm.info\/de\/wp-json\/wp\/v2\/media?parent=2159414"}],"curies":[{"name":"wp","href":"https:\/\/api.w.org\/{rel}","templated":true}]}}