{"id":2156398,"date":"2024-03-22T12:40:16","date_gmt":"2024-03-22T11:40:16","guid":{"rendered":"https:\/\/bornholm.info\/moeder-og-konferencer\/"},"modified":"2024-04-09T10:03:48","modified_gmt":"2024-04-09T08:03:48","slug":"meetings-und-konferenzen-bornholm","status":"publish","type":"page","link":"https:\/\/bornholm.info\/de\/meetings-und-konferenzen-bornholm\/","title":{"rendered":"Meetings, Konferenzen und Veranstaltungen auf Bornholm"},"content":{"rendered":"<div id=\"bornh-2337837226\" class=\"bornh-before-content-paa-lost-password-siden\"><a data-no-instant=\"1\" href=\"https:\/\/www.youtube.com\/channel\/UC2ZVDESONJ4EaIHaoeKngsw\" rel=\"noopener nofollow\" class=\"a2t-link\" target=\"_blank\" aria-label=\"youtube_300x250_annonce\"><img loading=\"lazy\" decoding=\"async\" src=\"https:\/\/bornholm.info\/wp-content\/media\/2017\/07\/youtube_300x250_annonce.jpg\" alt=\"\"  width=\"300\" height=\"250\"   \/><\/a><\/div>","protected":false},"excerpt":{"rendered":"","protected":false},"author":13,"featured_media":0,"parent":0,"menu_order":0,"comment_status":"closed","ping_status":"closed","template":"template-parts\/thema.php","meta":{"_acf_changed":false,"footnotes":""},"class_list":["post-2156398","page","type-page","status-publish","hentry","kategory-guides-de","tag-christihimmelfahrt","tag-fruehling","tag-ganze-insel","tag-grosser-bettag","tag-herbst","tag-konferenz","tag-kursus-de","tag-ostern","tag-pfingsten","tag-sommer-de","tag-spaetsommer","tag-uebernachtung","tag-weihnachten","tag-winter-de"],"acf":[],"yoast_head":"<!-- This site is optimized with the Yoast SEO plugin v27.2 - https:\/\/yoast.com\/product\/yoast-seo-wordpress\/ -->\n<title>Bornholm \u2013 die ideale Insel f\u00fcr Meetings<\/title>\n<meta name=\"description\" content=\"Bornholm ist der perfekte Ort, um euer n\u00e4chstes Meeting und Konferenz zu veranstalten. Die Anreise auf die Insel ist einfach per Flugzeug, F\u00e4hre und Auto m\u00f6glich. Hier erwarten euch nicht nur ideale Einrichtungen f\u00fcr Meetings, sondern es besteht zudem die M\u00f6glichkeit, die einzigartige Insel Bornholm zu erleben.\" \/>\n<meta name=\"robots\" content=\"index, follow, max-snippet:-1, max-image-preview:large, max-video-preview:-1\" \/>\n<link rel=\"canonical\" href=\"https:\/\/bornholm.info\/de\/meetings-und-konferenzen-bornholm\/\" \/>\n<meta property=\"og:locale\" content=\"de_DE\" \/>\n<meta property=\"og:type\" content=\"article\" \/>\n<meta property=\"og:title\" content=\"M\u00f8der, konferencer og events p\u00e5 Bornholm\" \/>\n<meta property=\"og:description\" content=\"Det er oplagt at placere jeres n\u00e6ste m\u00f8de p\u00e5 Bornholm. \u00d8en er let tilg\u00e6ngelig med b\u00e5de fly, f\u00e6rge og bil. Udover oplagte m\u00f8delokationer f\u00e5r I ogs\u00e5 mulighed for at opleve enest\u00e5ende Bornholm.\" \/>\n<meta property=\"og:url\" content=\"https:\/\/bornholm.info\/de\/meetings-und-konferenzen-bornholm\/\" \/>\n<meta property=\"og:site_name\" content=\"Destination Bornholm\" \/>\n<meta property=\"article:publisher\" content=\"https:\/\/www.facebook.com\/bornholminfo\" \/>\n<meta property=\"article:modified_time\" content=\"2024-04-09T08:03:48+00:00\" \/>\n<meta property=\"og:image\" content=\"https:\/\/bornholm.info\/wp-content\/media\/2022\/04\/moedeoe-bornholm.jpg\" \/>\n\t<meta property=\"og:image:width\" content=\"1920\" \/>\n\t<meta property=\"og:image:height\" content=\"830\" \/>\n\t<meta property=\"og:image:type\" content=\"image\/jpeg\" \/>\n<meta name=\"twitter:card\" content=\"summary_large_image\" \/>\n<meta name=\"twitter:title\" content=\"M\u00f8der, konferencer og events p\u00e5 Bornholm\" \/>\n<meta name=\"twitter:description\" content=\"Det er oplagt at placere jeres n\u00e6ste m\u00f8de p\u00e5 Bornholm. \u00d8en er let tilg\u00e6ngelig med b\u00e5de fly, f\u00e6rge og bil. Udover oplagte m\u00f8delokationer f\u00e5r I ogs\u00e5 mulighed for at opleve enest\u00e5ende Bornholm.\" \/>\n<meta name=\"twitter:image\" content=\"https:\/\/bornholm.info\/wp-content\/media\/2022\/04\/moedeoe-bornholm.jpg\" \/>\n<script type=\"application\/ld+json\" class=\"yoast-schema-graph\">{\"@context\":\"https:\/\/schema.org\",\"@graph\":[{\"@type\":\"WebPage\",\"@id\":\"https:\/\/bornholm.info\/de\/meetings-und-konferenzen-bornholm\/\",\"url\":\"https:\/\/bornholm.info\/de\/meetings-und-konferenzen-bornholm\/\",\"name\":\"Bornholm \u2013 die ideale Insel f\u00fcr Meetings\",\"isPartOf\":{\"@id\":\"https:\/\/bornholm.info\/de\/#website\"},\"datePublished\":\"2024-03-22T11:40:16+00:00\",\"dateModified\":\"2024-04-09T08:03:48+00:00\",\"description\":\"Bornholm ist der perfekte Ort, um euer n\u00e4chstes Meeting und Konferenz zu veranstalten. Die Anreise auf die Insel ist einfach per Flugzeug, F\u00e4hre und Auto m\u00f6glich. Hier erwarten euch nicht nur ideale Einrichtungen f\u00fcr Meetings, sondern es besteht zudem die M\u00f6glichkeit, die einzigartige Insel Bornholm zu erleben.\",\"breadcrumb\":{\"@id\":\"https:\/\/bornholm.info\/de\/meetings-und-konferenzen-bornholm\/#breadcrumb\"},\"inLanguage\":\"de\",\"potentialAction\":[{\"@type\":\"ReadAction\",\"target\":[\"https:\/\/bornholm.info\/de\/meetings-und-konferenzen-bornholm\/\"]}]},{\"@type\":\"BreadcrumbList\",\"@id\":\"https:\/\/bornholm.info\/de\/meetings-und-konferenzen-bornholm\/#breadcrumb\",\"itemListElement\":[{\"@type\":\"ListItem\",\"position\":1,\"name\":\"Home\",\"item\":\"https:\/\/bornholm.info\/de\/\"},{\"@type\":\"ListItem\",\"position\":2,\"name\":\"Meetings, Konferenzen und Veranstaltungen auf Bornholm\"}]},{\"@type\":\"WebSite\",\"@id\":\"https:\/\/bornholm.info\/de\/#website\",\"url\":\"https:\/\/bornholm.info\/de\/\",\"name\":\"Destination Bornholm\",\"description\":\"The Official Travel Guide to Bornholm\",\"potentialAction\":[{\"@type\":\"SearchAction\",\"target\":{\"@type\":\"EntryPoint\",\"urlTemplate\":\"https:\/\/bornholm.info\/de\/?s={search_term_string}\"},\"query-input\":{\"@type\":\"PropertyValueSpecification\",\"valueRequired\":true,\"valueName\":\"search_term_string\"}}],\"inLanguage\":\"de\"}]}<\/script>\n<!-- \/ Yoast SEO plugin. -->","yoast_head_json":{"title":"Bornholm \u2013 die ideale Insel f\u00fcr Meetings","description":"Bornholm ist der perfekte Ort, um euer n\u00e4chstes Meeting und Konferenz zu veranstalten. Die Anreise auf die Insel ist einfach per Flugzeug, F\u00e4hre und Auto m\u00f6glich. Hier erwarten euch nicht nur ideale Einrichtungen f\u00fcr Meetings, sondern es besteht zudem die M\u00f6glichkeit, die einzigartige Insel Bornholm zu erleben.","robots":{"index":"index","follow":"follow","max-snippet":"max-snippet:-1","max-image-preview":"max-image-preview:large","max-video-preview":"max-video-preview:-1"},"canonical":"https:\/\/bornholm.info\/de\/meetings-und-konferenzen-bornholm\/","og_locale":"de_DE","og_type":"article","og_title":"M\u00f8der, konferencer og events p\u00e5 Bornholm","og_description":"Det er oplagt at placere jeres n\u00e6ste m\u00f8de p\u00e5 Bornholm. \u00d8en er let tilg\u00e6ngelig med b\u00e5de fly, f\u00e6rge og bil. Udover oplagte m\u00f8delokationer f\u00e5r I ogs\u00e5 mulighed for at opleve enest\u00e5ende Bornholm.","og_url":"https:\/\/bornholm.info\/de\/meetings-und-konferenzen-bornholm\/","og_site_name":"Destination Bornholm","article_publisher":"https:\/\/www.facebook.com\/bornholminfo","article_modified_time":"2024-04-09T08:03:48+00:00","og_image":[{"width":1920,"height":830,"url":"https:\/\/bornholm.info\/wp-content\/media\/2022\/04\/moedeoe-bornholm.jpg","type":"image\/jpeg"}],"twitter_card":"summary_large_image","twitter_title":"M\u00f8der, konferencer og events p\u00e5 Bornholm","twitter_description":"Det er oplagt at placere jeres n\u00e6ste m\u00f8de p\u00e5 Bornholm. \u00d8en er let tilg\u00e6ngelig med b\u00e5de fly, f\u00e6rge og bil. Udover oplagte m\u00f8delokationer f\u00e5r I ogs\u00e5 mulighed for at opleve enest\u00e5ende Bornholm.","twitter_image":"https:\/\/bornholm.info\/wp-content\/media\/2022\/04\/moedeoe-bornholm.jpg","schema":{"@context":"https:\/\/schema.org","@graph":[{"@type":"WebPage","@id":"https:\/\/bornholm.info\/de\/meetings-und-konferenzen-bornholm\/","url":"https:\/\/bornholm.info\/de\/meetings-und-konferenzen-bornholm\/","name":"Bornholm \u2013 die ideale Insel f\u00fcr Meetings","isPartOf":{"@id":"https:\/\/bornholm.info\/de\/#website"},"datePublished":"2024-03-22T11:40:16+00:00","dateModified":"2024-04-09T08:03:48+00:00","description":"Bornholm ist der perfekte Ort, um euer n\u00e4chstes Meeting und Konferenz zu veranstalten. Die Anreise auf die Insel ist einfach per Flugzeug, F\u00e4hre und Auto m\u00f6glich. Hier erwarten euch nicht nur ideale Einrichtungen f\u00fcr Meetings, sondern es besteht zudem die M\u00f6glichkeit, die einzigartige Insel Bornholm zu erleben.","breadcrumb":{"@id":"https:\/\/bornholm.info\/de\/meetings-und-konferenzen-bornholm\/#breadcrumb"},"inLanguage":"de","potentialAction":[{"@type":"ReadAction","target":["https:\/\/bornholm.info\/de\/meetings-und-konferenzen-bornholm\/"]}]},{"@type":"BreadcrumbList","@id":"https:\/\/bornholm.info\/de\/meetings-und-konferenzen-bornholm\/#breadcrumb","itemListElement":[{"@type":"ListItem","position":1,"name":"Home","item":"https:\/\/bornholm.info\/de\/"},{"@type":"ListItem","position":2,"name":"Meetings, Konferenzen und Veranstaltungen auf Bornholm"}]},{"@type":"WebSite","@id":"https:\/\/bornholm.info\/de\/#website","url":"https:\/\/bornholm.info\/de\/","name":"Destination Bornholm","description":"The Official Travel Guide to Bornholm","potentialAction":[{"@type":"SearchAction","target":{"@type":"EntryPoint","urlTemplate":"https:\/\/bornholm.info\/de\/?s={search_term_string}"},"query-input":{"@type":"PropertyValueSpecification","valueRequired":true,"valueName":"search_term_string"}}],"inLanguage":"de"}]}},"_links":{"self":[{"href":"https:\/\/bornholm.info\/de\/wp-json\/wp\/v2\/pages\/2156398","targetHints":{"allow":["GET"]}}],"collection":[{"href":"https:\/\/bornholm.info\/de\/wp-json\/wp\/v2\/pages"}],"about":[{"href":"https:\/\/bornholm.info\/de\/wp-json\/wp\/v2\/types\/page"}],"author":[{"embeddable":true,"href":"https:\/\/bornholm.info\/de\/wp-json\/wp\/v2\/users\/13"}],"replies":[{"embeddable":true,"href":"https:\/\/bornholm.info\/de\/wp-json\/wp\/v2\/comments?post=2156398"}],"version-history":[{"count":2,"href":"https:\/\/bornholm.info\/de\/wp-json\/wp\/v2\/pages\/2156398\/revisions"}],"predecessor-version":[{"id":2159422,"href":"https:\/\/bornholm.info\/de\/wp-json\/wp\/v2\/pages\/2156398\/revisions\/2159422"}],"wp:attachment":[{"href":"https:\/\/bornholm.info\/de\/wp-json\/wp\/v2\/media?parent=2156398"}],"curies":[{"name":"wp","href":"https:\/\/api.w.org\/{rel}","templated":true}]}}