{"id":2092812,"date":"2024-08-06T09:53:30","date_gmt":"2024-08-06T07:53:30","guid":{"rendered":"https:\/\/bornholm.info\/camping-paa-bornholm\/"},"modified":"2024-08-06T10:03:01","modified_gmt":"2024-08-06T08:03:01","slug":"camping-auf-bornholm","status":"publish","type":"page","link":"https:\/\/bornholm.info\/de\/camping-auf-bornholm\/","title":{"rendered":"Camping auf Bornholm"},"content":{"rendered":"<div id=\"bornh-137934778\" class=\"bornh-before-content-paa-lost-password-siden\"><a data-no-instant=\"1\" href=\"https:\/\/www.youtube.com\/channel\/UC2ZVDESONJ4EaIHaoeKngsw\" rel=\"noopener nofollow\" class=\"a2t-link\" target=\"_blank\" aria-label=\"youtube_300x250_annonce\"><img loading=\"lazy\" decoding=\"async\" src=\"https:\/\/bornholm.info\/wp-content\/media\/2017\/07\/youtube_300x250_annonce.jpg\" alt=\"\"  width=\"300\" height=\"250\"   \/><\/a><\/div>","protected":false},"excerpt":{"rendered":"","protected":false},"author":25,"featured_media":0,"parent":0,"menu_order":0,"comment_status":"closed","ping_status":"closed","template":"template-parts\/thema.php","meta":{"_acf_changed":false,"footnotes":""},"class_list":["post-2092812","page","type-page","status-publish","hentry","kategory-campingplaetze","tag-aakirkeby-de","tag-allinge-sandvig-de","tag-almindingen-de","tag-balka-de","tag-camping-de","tag-christiansoe-de","tag-dueodde-de","tag-gudhjem-de","tag-hasle-de","tag-hundefreundlich","tag-kinderfreundlich","tag-nexoe-de","tag-roenne-de","tag-svaneke-de"],"acf":[],"yoast_head":"<!-- This site is optimized with the Yoast SEO plugin v27.2 - https:\/\/yoast.com\/product\/yoast-seo-wordpress\/ -->\n<title>Camping auf Bornholm<\/title>\n<meta name=\"description\" content=\"Liebst Du Urlaub mit Freiheit, frischer Luft und Entspannung in sch\u00f6ner Natur \u2013 dann ist ein Campingurlaub auf Bornholm etwas f\u00fcr Dich.\" \/>\n<meta name=\"robots\" content=\"index, follow, max-snippet:-1, max-image-preview:large, max-video-preview:-1\" \/>\n<link rel=\"canonical\" href=\"https:\/\/bornholm.info\/de\/camping-auf-bornholm\/\" \/>\n<meta property=\"og:locale\" content=\"de_DE\" \/>\n<meta property=\"og:type\" content=\"article\" \/>\n<meta property=\"og:title\" content=\"Camping p\u00e5 Bronholm\" \/>\n<meta property=\"og:description\" content=\"Der er s\u00e5 mange smukke steder i Danmark, som er et bes\u00f8g v\u00e6rd. Lader du blikket drage mod \u00f8st, til klippe\u00f8en i \u00d8sters\u00f8en, s\u00e5 finder du noget af den smukkeste og mest varierede natur i hele landet.\u00a0P\u00e5 Bornholm finder du gode campingpladser fordelt over hele \u00f8en og her er alt fra 5-stjernet luksus til hyggelige primitive naturpladser.\" \/>\n<meta property=\"og:url\" content=\"https:\/\/bornholm.info\/de\/camping-auf-bornholm\/\" \/>\n<meta property=\"og:site_name\" content=\"Destination Bornholm\" \/>\n<meta property=\"article:publisher\" content=\"https:\/\/www.facebook.com\/bornholminfo\" \/>\n<meta property=\"article:modified_time\" content=\"2024-08-06T08:03:01+00:00\" \/>\n<meta property=\"og:image\" content=\"https:\/\/bornholm.info\/wp-content\/media\/2019\/01\/camping_urlaub.jpg\" \/>\n\t<meta property=\"og:image:width\" content=\"1800\" \/>\n\t<meta property=\"og:image:height\" content=\"800\" \/>\n\t<meta property=\"og:image:type\" content=\"image\/jpeg\" \/>\n<meta name=\"twitter:card\" content=\"summary_large_image\" \/>\n<script type=\"application\/ld+json\" class=\"yoast-schema-graph\">{\"@context\":\"https:\/\/schema.org\",\"@graph\":[{\"@type\":\"WebPage\",\"@id\":\"https:\/\/bornholm.info\/de\/camping-auf-bornholm\/\",\"url\":\"https:\/\/bornholm.info\/de\/camping-auf-bornholm\/\",\"name\":\"Camping auf Bornholm\",\"isPartOf\":{\"@id\":\"https:\/\/bornholm.info\/de\/#website\"},\"datePublished\":\"2024-08-06T07:53:30+00:00\",\"dateModified\":\"2024-08-06T08:03:01+00:00\",\"description\":\"Liebst Du Urlaub mit Freiheit, frischer Luft und Entspannung in sch\u00f6ner Natur \u2013 dann ist ein Campingurlaub auf Bornholm etwas f\u00fcr Dich.\",\"breadcrumb\":{\"@id\":\"https:\/\/bornholm.info\/de\/camping-auf-bornholm\/#breadcrumb\"},\"inLanguage\":\"de\",\"potentialAction\":[{\"@type\":\"ReadAction\",\"target\":[\"https:\/\/bornholm.info\/de\/camping-auf-bornholm\/\"]}]},{\"@type\":\"BreadcrumbList\",\"@id\":\"https:\/\/bornholm.info\/de\/camping-auf-bornholm\/#breadcrumb\",\"itemListElement\":[{\"@type\":\"ListItem\",\"position\":1,\"name\":\"Home\",\"item\":\"https:\/\/bornholm.info\/de\/\"},{\"@type\":\"ListItem\",\"position\":2,\"name\":\"Camping auf Bornholm\"}]},{\"@type\":\"WebSite\",\"@id\":\"https:\/\/bornholm.info\/de\/#website\",\"url\":\"https:\/\/bornholm.info\/de\/\",\"name\":\"Destination Bornholm\",\"description\":\"The Official Travel Guide to Bornholm\",\"potentialAction\":[{\"@type\":\"SearchAction\",\"target\":{\"@type\":\"EntryPoint\",\"urlTemplate\":\"https:\/\/bornholm.info\/de\/?s={search_term_string}\"},\"query-input\":{\"@type\":\"PropertyValueSpecification\",\"valueRequired\":true,\"valueName\":\"search_term_string\"}}],\"inLanguage\":\"de\"}]}<\/script>\n<!-- \/ Yoast SEO plugin. -->","yoast_head_json":{"title":"Camping auf Bornholm","description":"Liebst Du Urlaub mit Freiheit, frischer Luft und Entspannung in sch\u00f6ner Natur \u2013 dann ist ein Campingurlaub auf Bornholm etwas f\u00fcr Dich.","robots":{"index":"index","follow":"follow","max-snippet":"max-snippet:-1","max-image-preview":"max-image-preview:large","max-video-preview":"max-video-preview:-1"},"canonical":"https:\/\/bornholm.info\/de\/camping-auf-bornholm\/","og_locale":"de_DE","og_type":"article","og_title":"Camping p\u00e5 Bronholm","og_description":"Der er s\u00e5 mange smukke steder i Danmark, som er et bes\u00f8g v\u00e6rd. Lader du blikket drage mod \u00f8st, til klippe\u00f8en i \u00d8sters\u00f8en, s\u00e5 finder du noget af den smukkeste og mest varierede natur i hele landet.\u00a0P\u00e5 Bornholm finder du gode campingpladser fordelt over hele \u00f8en og her er alt fra 5-stjernet luksus til hyggelige primitive naturpladser.","og_url":"https:\/\/bornholm.info\/de\/camping-auf-bornholm\/","og_site_name":"Destination Bornholm","article_publisher":"https:\/\/www.facebook.com\/bornholminfo","article_modified_time":"2024-08-06T08:03:01+00:00","og_image":[{"width":1800,"height":800,"url":"https:\/\/bornholm.info\/wp-content\/media\/2019\/01\/camping_urlaub.jpg","type":"image\/jpeg"}],"twitter_card":"summary_large_image","schema":{"@context":"https:\/\/schema.org","@graph":[{"@type":"WebPage","@id":"https:\/\/bornholm.info\/de\/camping-auf-bornholm\/","url":"https:\/\/bornholm.info\/de\/camping-auf-bornholm\/","name":"Camping auf Bornholm","isPartOf":{"@id":"https:\/\/bornholm.info\/de\/#website"},"datePublished":"2024-08-06T07:53:30+00:00","dateModified":"2024-08-06T08:03:01+00:00","description":"Liebst Du Urlaub mit Freiheit, frischer Luft und Entspannung in sch\u00f6ner Natur \u2013 dann ist ein Campingurlaub auf Bornholm etwas f\u00fcr Dich.","breadcrumb":{"@id":"https:\/\/bornholm.info\/de\/camping-auf-bornholm\/#breadcrumb"},"inLanguage":"de","potentialAction":[{"@type":"ReadAction","target":["https:\/\/bornholm.info\/de\/camping-auf-bornholm\/"]}]},{"@type":"BreadcrumbList","@id":"https:\/\/bornholm.info\/de\/camping-auf-bornholm\/#breadcrumb","itemListElement":[{"@type":"ListItem","position":1,"name":"Home","item":"https:\/\/bornholm.info\/de\/"},{"@type":"ListItem","position":2,"name":"Camping auf Bornholm"}]},{"@type":"WebSite","@id":"https:\/\/bornholm.info\/de\/#website","url":"https:\/\/bornholm.info\/de\/","name":"Destination Bornholm","description":"The Official Travel Guide to Bornholm","potentialAction":[{"@type":"SearchAction","target":{"@type":"EntryPoint","urlTemplate":"https:\/\/bornholm.info\/de\/?s={search_term_string}"},"query-input":{"@type":"PropertyValueSpecification","valueRequired":true,"valueName":"search_term_string"}}],"inLanguage":"de"}]}},"_links":{"self":[{"href":"https:\/\/bornholm.info\/de\/wp-json\/wp\/v2\/pages\/2092812","targetHints":{"allow":["GET"]}}],"collection":[{"href":"https:\/\/bornholm.info\/de\/wp-json\/wp\/v2\/pages"}],"about":[{"href":"https:\/\/bornholm.info\/de\/wp-json\/wp\/v2\/types\/page"}],"author":[{"embeddable":true,"href":"https:\/\/bornholm.info\/de\/wp-json\/wp\/v2\/users\/25"}],"replies":[{"embeddable":true,"href":"https:\/\/bornholm.info\/de\/wp-json\/wp\/v2\/comments?post=2092812"}],"version-history":[{"count":2,"href":"https:\/\/bornholm.info\/de\/wp-json\/wp\/v2\/pages\/2092812\/revisions"}],"predecessor-version":[{"id":2092833,"href":"https:\/\/bornholm.info\/de\/wp-json\/wp\/v2\/pages\/2092812\/revisions\/2092833"}],"wp:attachment":[{"href":"https:\/\/bornholm.info\/de\/wp-json\/wp\/v2\/media?parent=2092812"}],"curies":[{"name":"wp","href":"https:\/\/api.w.org\/{rel}","templated":true}]}}