{"id":1996948,"date":"2021-06-18T09:18:35","date_gmt":"2021-06-18T07:18:35","guid":{"rendered":"https:\/\/bornholm.info\/?page_id=1996948"},"modified":"2021-06-28T14:38:35","modified_gmt":"2021-06-28T12:38:35","slug":"spatsommer-auf-der-danischen-ferieninsel-bornholm","status":"publish","type":"page","link":"https:\/\/bornholm.info\/de\/spatsommer-auf-der-danischen-ferieninsel-bornholm\/","title":{"rendered":"Sp\u00e4tsommer auf Bornholm"},"content":{"rendered":"<div id=\"bornh-2191484570\" class=\"bornh-before-content-paa-lost-password-siden\"><a data-no-instant=\"1\" href=\"https:\/\/www.youtube.com\/channel\/UC2ZVDESONJ4EaIHaoeKngsw\" rel=\"noopener nofollow\" class=\"a2t-link\" target=\"_blank\" aria-label=\"youtube_300x250_annonce\"><img loading=\"lazy\" decoding=\"async\" src=\"https:\/\/bornholm.info\/wp-content\/media\/2017\/07\/youtube_300x250_annonce.jpg\" alt=\"\"  width=\"300\" height=\"250\"   \/><\/a><\/div>","protected":false},"excerpt":{"rendered":"","protected":false},"author":25,"featured_media":0,"parent":0,"menu_order":0,"comment_status":"closed","ping_status":"closed","template":"template-parts\/thema.php","meta":{"_acf_changed":false,"footnotes":""},"class_list":["post-1996948","page","type-page","status-publish","hentry","kategory-attraktionen","kategory-guides-de","kategory-kunsthandwerk","kategory-naturgebiete","kategory-uebernachtung","tag-faehre","tag-feriencenter","tag-ferienwohnung","tag-ferienzeiten","tag-ganze-insel","tag-herbst","tag-sommerhaus","tag-spaetsommer","tag-uebernachtung"],"acf":[],"yoast_head":"<!-- This site is optimized with the Yoast SEO plugin v27.2 - https:\/\/yoast.com\/product\/yoast-seo-wordpress\/ -->\n<title>Sp\u00e4tsommer auf Bornholm - Destination Bornholm<\/title>\n<meta name=\"description\" content=\"Genie\u00dfen Sie den Sp\u00e4tsommer auf der d\u00e4nischen Ferieninsel Bornholm. Die sch\u00f6ne Perle der Ostsee begr\u00fc\u00dft Sie zu herrlich warmen Sp\u00e4tsommertagen.\" \/>\n<meta name=\"robots\" content=\"index, follow, max-snippet:-1, max-image-preview:large, max-video-preview:-1\" \/>\n<link rel=\"canonical\" href=\"https:\/\/bornholm.info\/de\/spatsommer-auf-der-danischen-ferieninsel-bornholm\/\" \/>\n<meta property=\"og:locale\" content=\"de_DE\" \/>\n<meta property=\"og:type\" content=\"article\" \/>\n<meta property=\"og:title\" content=\"Genie\u00dfen Sie den Sp\u00e4tsommer auf der d\u00e4nischen Ferieninsel Bornholm\" \/>\n<meta property=\"og:description\" content=\"Sp\u00e4tsommer auf Bornholm ist etwas ganz besonders. Toll, \u00fcppig und lau. Die Felsen und das Meer halten die W\u00e4rme l\u00e4nger fest und es dauert lange, bevor sie ihr wieder loslassen.\" \/>\n<meta property=\"og:url\" content=\"https:\/\/bornholm.info\/de\/spatsommer-auf-der-danischen-ferieninsel-bornholm\/\" \/>\n<meta property=\"og:site_name\" content=\"Destination Bornholm\" \/>\n<meta property=\"article:publisher\" content=\"https:\/\/www.facebook.com\/bornholminfo\" \/>\n<meta property=\"article:modified_time\" content=\"2021-06-28T12:38:35+00:00\" \/>\n<meta property=\"og:image\" content=\"https:\/\/bornholm.info\/wp-content\/media\/2021\/06\/par_sensommer_tysk_1200x630.jpg\" \/>\n\t<meta property=\"og:image:width\" content=\"1200\" \/>\n\t<meta property=\"og:image:height\" content=\"630\" \/>\n\t<meta property=\"og:image:type\" content=\"image\/jpeg\" \/>\n<meta name=\"twitter:card\" content=\"summary_large_image\" \/>\n<meta name=\"twitter:title\" content=\"Genie\u00dfen Sie den Sp\u00e4tsommer auf der d\u00e4nischen Ferieninsel Bornholm\" \/>\n<meta name=\"twitter:description\" content=\"Sp\u00e4tsommer auf Bornholm ist etwas ganz besonders. Toll, \u00fcppig und lau. Die Felsen und das Meer halten die W\u00e4rme l\u00e4nger fest und es dauert lange, bevor sie ihr wieder loslassen.\" \/>\n<meta name=\"twitter:image\" content=\"https:\/\/bornholm.info\/wp-content\/media\/2021\/06\/par_sensommer_tysk_1200x630.jpg\" \/>\n<script type=\"application\/ld+json\" class=\"yoast-schema-graph\">{\"@context\":\"https:\/\/schema.org\",\"@graph\":[{\"@type\":\"WebPage\",\"@id\":\"https:\/\/bornholm.info\/de\/spatsommer-auf-der-danischen-ferieninsel-bornholm\/\",\"url\":\"https:\/\/bornholm.info\/de\/spatsommer-auf-der-danischen-ferieninsel-bornholm\/\",\"name\":\"Sp\u00e4tsommer auf Bornholm - Destination Bornholm\",\"isPartOf\":{\"@id\":\"https:\/\/bornholm.info\/de\/#website\"},\"datePublished\":\"2021-06-18T07:18:35+00:00\",\"dateModified\":\"2021-06-28T12:38:35+00:00\",\"description\":\"Genie\u00dfen Sie den Sp\u00e4tsommer auf der d\u00e4nischen Ferieninsel Bornholm. Die sch\u00f6ne Perle der Ostsee begr\u00fc\u00dft Sie zu herrlich warmen Sp\u00e4tsommertagen.\",\"breadcrumb\":{\"@id\":\"https:\/\/bornholm.info\/de\/spatsommer-auf-der-danischen-ferieninsel-bornholm\/#breadcrumb\"},\"inLanguage\":\"de\",\"potentialAction\":[{\"@type\":\"ReadAction\",\"target\":[\"https:\/\/bornholm.info\/de\/spatsommer-auf-der-danischen-ferieninsel-bornholm\/\"]}]},{\"@type\":\"BreadcrumbList\",\"@id\":\"https:\/\/bornholm.info\/de\/spatsommer-auf-der-danischen-ferieninsel-bornholm\/#breadcrumb\",\"itemListElement\":[{\"@type\":\"ListItem\",\"position\":1,\"name\":\"Home\",\"item\":\"https:\/\/bornholm.info\/de\/\"},{\"@type\":\"ListItem\",\"position\":2,\"name\":\"Sp\u00e4tsommer auf Bornholm\"}]},{\"@type\":\"WebSite\",\"@id\":\"https:\/\/bornholm.info\/de\/#website\",\"url\":\"https:\/\/bornholm.info\/de\/\",\"name\":\"Destination Bornholm\",\"description\":\"The Official Travel Guide to Bornholm\",\"potentialAction\":[{\"@type\":\"SearchAction\",\"target\":{\"@type\":\"EntryPoint\",\"urlTemplate\":\"https:\/\/bornholm.info\/de\/?s={search_term_string}\"},\"query-input\":{\"@type\":\"PropertyValueSpecification\",\"valueRequired\":true,\"valueName\":\"search_term_string\"}}],\"inLanguage\":\"de\"}]}<\/script>\n<!-- \/ Yoast SEO plugin. -->","yoast_head_json":{"title":"Sp\u00e4tsommer auf Bornholm - Destination Bornholm","description":"Genie\u00dfen Sie den Sp\u00e4tsommer auf der d\u00e4nischen Ferieninsel Bornholm. Die sch\u00f6ne Perle der Ostsee begr\u00fc\u00dft Sie zu herrlich warmen Sp\u00e4tsommertagen.","robots":{"index":"index","follow":"follow","max-snippet":"max-snippet:-1","max-image-preview":"max-image-preview:large","max-video-preview":"max-video-preview:-1"},"canonical":"https:\/\/bornholm.info\/de\/spatsommer-auf-der-danischen-ferieninsel-bornholm\/","og_locale":"de_DE","og_type":"article","og_title":"Genie\u00dfen Sie den Sp\u00e4tsommer auf der d\u00e4nischen Ferieninsel Bornholm","og_description":"Sp\u00e4tsommer auf Bornholm ist etwas ganz besonders. Toll, \u00fcppig und lau. Die Felsen und das Meer halten die W\u00e4rme l\u00e4nger fest und es dauert lange, bevor sie ihr wieder loslassen.","og_url":"https:\/\/bornholm.info\/de\/spatsommer-auf-der-danischen-ferieninsel-bornholm\/","og_site_name":"Destination Bornholm","article_publisher":"https:\/\/www.facebook.com\/bornholminfo","article_modified_time":"2021-06-28T12:38:35+00:00","og_image":[{"width":1200,"height":630,"url":"https:\/\/bornholm.info\/wp-content\/media\/2021\/06\/par_sensommer_tysk_1200x630.jpg","type":"image\/jpeg"}],"twitter_card":"summary_large_image","twitter_title":"Genie\u00dfen Sie den Sp\u00e4tsommer auf der d\u00e4nischen Ferieninsel Bornholm","twitter_description":"Sp\u00e4tsommer auf Bornholm ist etwas ganz besonders. Toll, \u00fcppig und lau. Die Felsen und das Meer halten die W\u00e4rme l\u00e4nger fest und es dauert lange, bevor sie ihr wieder loslassen.","twitter_image":"https:\/\/bornholm.info\/wp-content\/media\/2021\/06\/par_sensommer_tysk_1200x630.jpg","schema":{"@context":"https:\/\/schema.org","@graph":[{"@type":"WebPage","@id":"https:\/\/bornholm.info\/de\/spatsommer-auf-der-danischen-ferieninsel-bornholm\/","url":"https:\/\/bornholm.info\/de\/spatsommer-auf-der-danischen-ferieninsel-bornholm\/","name":"Sp\u00e4tsommer auf Bornholm - Destination Bornholm","isPartOf":{"@id":"https:\/\/bornholm.info\/de\/#website"},"datePublished":"2021-06-18T07:18:35+00:00","dateModified":"2021-06-28T12:38:35+00:00","description":"Genie\u00dfen Sie den Sp\u00e4tsommer auf der d\u00e4nischen Ferieninsel Bornholm. Die sch\u00f6ne Perle der Ostsee begr\u00fc\u00dft Sie zu herrlich warmen Sp\u00e4tsommertagen.","breadcrumb":{"@id":"https:\/\/bornholm.info\/de\/spatsommer-auf-der-danischen-ferieninsel-bornholm\/#breadcrumb"},"inLanguage":"de","potentialAction":[{"@type":"ReadAction","target":["https:\/\/bornholm.info\/de\/spatsommer-auf-der-danischen-ferieninsel-bornholm\/"]}]},{"@type":"BreadcrumbList","@id":"https:\/\/bornholm.info\/de\/spatsommer-auf-der-danischen-ferieninsel-bornholm\/#breadcrumb","itemListElement":[{"@type":"ListItem","position":1,"name":"Home","item":"https:\/\/bornholm.info\/de\/"},{"@type":"ListItem","position":2,"name":"Sp\u00e4tsommer auf Bornholm"}]},{"@type":"WebSite","@id":"https:\/\/bornholm.info\/de\/#website","url":"https:\/\/bornholm.info\/de\/","name":"Destination Bornholm","description":"The Official Travel Guide to Bornholm","potentialAction":[{"@type":"SearchAction","target":{"@type":"EntryPoint","urlTemplate":"https:\/\/bornholm.info\/de\/?s={search_term_string}"},"query-input":{"@type":"PropertyValueSpecification","valueRequired":true,"valueName":"search_term_string"}}],"inLanguage":"de"}]}},"_links":{"self":[{"href":"https:\/\/bornholm.info\/de\/wp-json\/wp\/v2\/pages\/1996948","targetHints":{"allow":["GET"]}}],"collection":[{"href":"https:\/\/bornholm.info\/de\/wp-json\/wp\/v2\/pages"}],"about":[{"href":"https:\/\/bornholm.info\/de\/wp-json\/wp\/v2\/types\/page"}],"author":[{"embeddable":true,"href":"https:\/\/bornholm.info\/de\/wp-json\/wp\/v2\/users\/25"}],"replies":[{"embeddable":true,"href":"https:\/\/bornholm.info\/de\/wp-json\/wp\/v2\/comments?post=1996948"}],"version-history":[{"count":5,"href":"https:\/\/bornholm.info\/de\/wp-json\/wp\/v2\/pages\/1996948\/revisions"}],"predecessor-version":[{"id":1998717,"href":"https:\/\/bornholm.info\/de\/wp-json\/wp\/v2\/pages\/1996948\/revisions\/1998717"}],"wp:attachment":[{"href":"https:\/\/bornholm.info\/de\/wp-json\/wp\/v2\/media?parent=1996948"}],"curies":[{"name":"wp","href":"https:\/\/api.w.org\/{rel}","templated":true}]}}