{"id":1969192,"date":"2019-04-01T09:59:08","date_gmt":"2019-04-01T09:59:08","guid":{"rendered":"https:\/\/bornholm.info\/trolling-bornholm\/"},"modified":"2020-11-04T10:29:53","modified_gmt":"2020-11-04T10:29:53","slug":"trolling-bornholm","status":"publish","type":"page","link":"https:\/\/bornholm.info\/de\/trolling-bornholm\/","title":{"rendered":"Trolling auf Bornholm"},"content":{"rendered":"<div id=\"bornh-1436913368\" class=\"bornh-before-content-paa-lost-password-siden bornh-entity-placement\"><a data-no-instant=\"1\" href=\"https:\/\/www.youtube.com\/channel\/UC2ZVDESONJ4EaIHaoeKngsw\" rel=\"noopener nofollow\" class=\"a2t-link\" target=\"_blank\" aria-label=\"youtube_300x250_annonce\"><img loading=\"lazy\" decoding=\"async\" src=\"https:\/\/bornholm.info\/wp-content\/media\/2017\/07\/youtube_300x250_annonce.jpg\" alt=\"\"  width=\"300\" height=\"250\"   \/><\/a><\/div>","protected":false},"excerpt":{"rendered":"","protected":false},"author":13,"featured_media":0,"parent":0,"menu_order":0,"comment_status":"closed","ping_status":"closed","template":"template-parts\/thema.php","meta":{"_acf_changed":false,"footnotes":""},"class_list":["post-1969192","page","type-page","status-publish","hentry","kategory-guides-de","tag-angeln","tag-bootstour","tag-christihimmelfahrt","tag-fruehling","tag-gefuehrte-tour","tag-grosser-bettag","tag-hafen","tag-herbst","tag-natur-de","tag-ostern","tag-outdoor-de","tag-pfingsten","tag-sommer-de","tag-spaetsommer","tag-weihnachten","tag-winter-de"],"acf":[],"yoast_head":"<!-- This site is optimized with the Yoast SEO plugin v27.4 - https:\/\/yoast.com\/product\/yoast-seo-wordpress\/ -->\n<title>Trolling auf Bornholm - unsere Tipps und Tricks f\u00fcr&#039;s Fischen auf dem Meer<\/title>\n<meta name=\"description\" content=\"Bootsangeln auf dem Meer um Bornholm - hier finden Sie wichtige und n\u00fctzliche Tipps und Tricks und die besten Fanggr\u00fcnde.\" \/>\n<meta name=\"robots\" content=\"index, follow, max-snippet:-1, max-image-preview:large, max-video-preview:-1\" \/>\n<link rel=\"canonical\" href=\"https:\/\/bornholm.info\/de\/trolling-bornholm\/\" \/>\n<meta property=\"og:locale\" content=\"de_DE\" \/>\n<meta property=\"og:type\" content=\"article\" \/>\n<meta property=\"og:title\" content=\"Trolling auf Bornholm\" \/>\n<meta property=\"og:description\" content=\"Med sin beliggenhed lige midt i den \u00f8stlige \u00d8sters\u00f8 er Bornholm et laksemekka \u2013 et unikt strategisk udgangspunkt for jagten p\u00e5 laks med kort afstand til alle h\u00f8js\u00e6sonens hotspots. Som trollingfisker f\u00f8ler man sig velkommen p\u00e5 Bornholm \u2013 f\u00e6rgeoverfart med trailer er billig, kommunale trailerramper er gratis at bruge, og bornholmerne er stolte af deres laksefiskeri. Og der er plads \u2013 og laks \u2013 nok til alle.\" \/>\n<meta property=\"og:url\" content=\"https:\/\/bornholm.info\/de\/trolling-bornholm\/\" \/>\n<meta property=\"og:site_name\" content=\"Destination Bornholm\" \/>\n<meta property=\"article:publisher\" content=\"https:\/\/www.facebook.com\/bornholminfo\" \/>\n<meta property=\"article:modified_time\" content=\"2020-11-04T10:29:53+00:00\" \/>\n<meta property=\"og:image\" content=\"https:\/\/bornholm.info\/wp-content\/media\/2017\/07\/havfiskeri_trolling_1920x830.jpg\" \/>\n\t<meta property=\"og:image:width\" content=\"1920\" \/>\n\t<meta property=\"og:image:height\" content=\"1160\" \/>\n\t<meta property=\"og:image:type\" content=\"image\/jpeg\" \/>\n<meta name=\"twitter:card\" content=\"summary_large_image\" \/>\n<meta name=\"twitter:title\" content=\"Trolling auf Bornholm\" \/>\n<meta name=\"twitter:description\" content=\"Med sin beliggenhed lige midt i den \u00f8stlige \u00d8sters\u00f8 er Bornholm et laksemekka \u2013 et unikt strategisk udgangspunkt for jagten p\u00e5 laks med kort afstand til alle h\u00f8js\u00e6sonens hotspots. Som trollingfisker f\u00f8ler man sig velkommen p\u00e5 Bornholm \u2013 f\u00e6rgeoverfart med trailer er billig, kommunale trailerramper er gratis at bruge, og bornholmerne er stolte af deres laksefiskeri. Og der er plads \u2013 og laks \u2013 nok til alle.\" \/>\n<meta name=\"twitter:image\" content=\"https:\/\/bornholm.info\/wp-content\/media\/2017\/07\/havfiskeri_trolling_1920x830.jpg\" \/>\n<script type=\"application\/ld+json\" class=\"yoast-schema-graph\">{\"@context\":\"https:\\\/\\\/schema.org\",\"@graph\":[{\"@type\":\"WebPage\",\"@id\":\"https:\\\/\\\/bornholm.info\\\/de\\\/trolling-bornholm\\\/\",\"url\":\"https:\\\/\\\/bornholm.info\\\/de\\\/trolling-bornholm\\\/\",\"name\":\"Trolling auf Bornholm - unsere Tipps und Tricks f\u00fcr's Fischen auf dem Meer\",\"isPartOf\":{\"@id\":\"https:\\\/\\\/bornholm.info\\\/de\\\/#website\"},\"datePublished\":\"2019-04-01T09:59:08+00:00\",\"dateModified\":\"2020-11-04T10:29:53+00:00\",\"description\":\"Bootsangeln auf dem Meer um Bornholm - hier finden Sie wichtige und n\u00fctzliche Tipps und Tricks und die besten Fanggr\u00fcnde.\",\"breadcrumb\":{\"@id\":\"https:\\\/\\\/bornholm.info\\\/de\\\/trolling-bornholm\\\/#breadcrumb\"},\"inLanguage\":\"de\",\"potentialAction\":[{\"@type\":\"ReadAction\",\"target\":[\"https:\\\/\\\/bornholm.info\\\/de\\\/trolling-bornholm\\\/\"]}]},{\"@type\":\"BreadcrumbList\",\"@id\":\"https:\\\/\\\/bornholm.info\\\/de\\\/trolling-bornholm\\\/#breadcrumb\",\"itemListElement\":[{\"@type\":\"ListItem\",\"position\":1,\"name\":\"Home\",\"item\":\"https:\\\/\\\/bornholm.info\\\/de\\\/\"},{\"@type\":\"ListItem\",\"position\":2,\"name\":\"Trolling auf Bornholm\"}]},{\"@type\":\"WebSite\",\"@id\":\"https:\\\/\\\/bornholm.info\\\/de\\\/#website\",\"url\":\"https:\\\/\\\/bornholm.info\\\/de\\\/\",\"name\":\"Destination Bornholm\",\"description\":\"The Official Travel Guide to Bornholm\",\"potentialAction\":[{\"@type\":\"SearchAction\",\"target\":{\"@type\":\"EntryPoint\",\"urlTemplate\":\"https:\\\/\\\/bornholm.info\\\/de\\\/?s={search_term_string}\"},\"query-input\":{\"@type\":\"PropertyValueSpecification\",\"valueRequired\":true,\"valueName\":\"search_term_string\"}}],\"inLanguage\":\"de\"}]}<\/script>\n<!-- \/ Yoast SEO plugin. -->","yoast_head_json":{"title":"Trolling auf Bornholm - unsere Tipps und Tricks f\u00fcr's Fischen auf dem Meer","description":"Bootsangeln auf dem Meer um Bornholm - hier finden Sie wichtige und n\u00fctzliche Tipps und Tricks und die besten Fanggr\u00fcnde.","robots":{"index":"index","follow":"follow","max-snippet":"max-snippet:-1","max-image-preview":"max-image-preview:large","max-video-preview":"max-video-preview:-1"},"canonical":"https:\/\/bornholm.info\/de\/trolling-bornholm\/","og_locale":"de_DE","og_type":"article","og_title":"Trolling auf Bornholm","og_description":"Med sin beliggenhed lige midt i den \u00f8stlige \u00d8sters\u00f8 er Bornholm et laksemekka \u2013 et unikt strategisk udgangspunkt for jagten p\u00e5 laks med kort afstand til alle h\u00f8js\u00e6sonens hotspots. Som trollingfisker f\u00f8ler man sig velkommen p\u00e5 Bornholm \u2013 f\u00e6rgeoverfart med trailer er billig, kommunale trailerramper er gratis at bruge, og bornholmerne er stolte af deres laksefiskeri. Og der er plads \u2013 og laks \u2013 nok til alle.","og_url":"https:\/\/bornholm.info\/de\/trolling-bornholm\/","og_site_name":"Destination Bornholm","article_publisher":"https:\/\/www.facebook.com\/bornholminfo","article_modified_time":"2020-11-04T10:29:53+00:00","og_image":[{"width":1920,"height":1160,"url":"https:\/\/bornholm.info\/wp-content\/media\/2017\/07\/havfiskeri_trolling_1920x830.jpg","type":"image\/jpeg"}],"twitter_card":"summary_large_image","twitter_title":"Trolling auf Bornholm","twitter_description":"Med sin beliggenhed lige midt i den \u00f8stlige \u00d8sters\u00f8 er Bornholm et laksemekka \u2013 et unikt strategisk udgangspunkt for jagten p\u00e5 laks med kort afstand til alle h\u00f8js\u00e6sonens hotspots. Som trollingfisker f\u00f8ler man sig velkommen p\u00e5 Bornholm \u2013 f\u00e6rgeoverfart med trailer er billig, kommunale trailerramper er gratis at bruge, og bornholmerne er stolte af deres laksefiskeri. Og der er plads \u2013 og laks \u2013 nok til alle.","twitter_image":"https:\/\/bornholm.info\/wp-content\/media\/2017\/07\/havfiskeri_trolling_1920x830.jpg","schema":{"@context":"https:\/\/schema.org","@graph":[{"@type":"WebPage","@id":"https:\/\/bornholm.info\/de\/trolling-bornholm\/","url":"https:\/\/bornholm.info\/de\/trolling-bornholm\/","name":"Trolling auf Bornholm - unsere Tipps und Tricks f\u00fcr's Fischen auf dem Meer","isPartOf":{"@id":"https:\/\/bornholm.info\/de\/#website"},"datePublished":"2019-04-01T09:59:08+00:00","dateModified":"2020-11-04T10:29:53+00:00","description":"Bootsangeln auf dem Meer um Bornholm - hier finden Sie wichtige und n\u00fctzliche Tipps und Tricks und die besten Fanggr\u00fcnde.","breadcrumb":{"@id":"https:\/\/bornholm.info\/de\/trolling-bornholm\/#breadcrumb"},"inLanguage":"de","potentialAction":[{"@type":"ReadAction","target":["https:\/\/bornholm.info\/de\/trolling-bornholm\/"]}]},{"@type":"BreadcrumbList","@id":"https:\/\/bornholm.info\/de\/trolling-bornholm\/#breadcrumb","itemListElement":[{"@type":"ListItem","position":1,"name":"Home","item":"https:\/\/bornholm.info\/de\/"},{"@type":"ListItem","position":2,"name":"Trolling auf Bornholm"}]},{"@type":"WebSite","@id":"https:\/\/bornholm.info\/de\/#website","url":"https:\/\/bornholm.info\/de\/","name":"Destination Bornholm","description":"The Official Travel Guide to Bornholm","potentialAction":[{"@type":"SearchAction","target":{"@type":"EntryPoint","urlTemplate":"https:\/\/bornholm.info\/de\/?s={search_term_string}"},"query-input":{"@type":"PropertyValueSpecification","valueRequired":true,"valueName":"search_term_string"}}],"inLanguage":"de"}]}},"_links":{"self":[{"href":"https:\/\/bornholm.info\/de\/wp-json\/wp\/v2\/pages\/1969192","targetHints":{"allow":["GET"]}}],"collection":[{"href":"https:\/\/bornholm.info\/de\/wp-json\/wp\/v2\/pages"}],"about":[{"href":"https:\/\/bornholm.info\/de\/wp-json\/wp\/v2\/types\/page"}],"author":[{"embeddable":true,"href":"https:\/\/bornholm.info\/de\/wp-json\/wp\/v2\/users\/13"}],"replies":[{"embeddable":true,"href":"https:\/\/bornholm.info\/de\/wp-json\/wp\/v2\/comments?post=1969192"}],"version-history":[{"count":2,"href":"https:\/\/bornholm.info\/de\/wp-json\/wp\/v2\/pages\/1969192\/revisions"}],"predecessor-version":[{"id":1969197,"href":"https:\/\/bornholm.info\/de\/wp-json\/wp\/v2\/pages\/1969192\/revisions\/1969197"}],"wp:attachment":[{"href":"https:\/\/bornholm.info\/de\/wp-json\/wp\/v2\/media?parent=1969192"}],"curies":[{"name":"wp","href":"https:\/\/api.w.org\/{rel}","templated":true}]}}