{"id":12498,"date":"2025-03-18T12:49:49","date_gmt":"2025-03-18T11:49:49","guid":{"rendered":"https:\/\/bornholm.info\/?page_id=12498\/"},"modified":"2025-03-18T15:01:16","modified_gmt":"2025-03-18T14:01:16","slug":"fruehling-fuer-kinder","status":"publish","type":"page","link":"https:\/\/bornholm.info\/de\/fruehling-fuer-kinder\/","title":{"rendered":"Tolle Erlebnisse f\u00fcr Kinder im Fr\u00fchling"},"content":{"rendered":"<div id=\"bornh-2475752327\" class=\"bornh-before-content-paa-lost-password-siden bornh-entity-placement\"><a data-no-instant=\"1\" href=\"https:\/\/www.youtube.com\/channel\/UC2ZVDESONJ4EaIHaoeKngsw\" rel=\"noopener nofollow\" class=\"a2t-link\" target=\"_blank\" aria-label=\"youtube_300x250_annonce\"><img loading=\"lazy\" decoding=\"async\" src=\"https:\/\/bornholm.info\/wp-content\/media\/2017\/07\/youtube_300x250_annonce.jpg\" alt=\"\"  width=\"300\" height=\"250\"   \/><\/a><\/div>","protected":false},"excerpt":{"rendered":"","protected":false},"author":9,"featured_media":0,"parent":0,"menu_order":0,"comment_status":"closed","ping_status":"closed","template":"template-parts\/thema.php","meta":{"_acf_changed":false,"footnotes":""},"class_list":["post-12498","page","type-page","status-publish","hentry","kategory-attraktionen","kategory-guides-de","tag-christihimmelfahrt","tag-fruehling","tag-ganze-insel","tag-grosser-bettag","tag-kinderfreundlich","tag-ostern","tag-pfingsten"],"acf":[],"yoast_head":"<!-- This site is optimized with the Yoast SEO plugin v27.4 - https:\/\/yoast.com\/product\/yoast-seo-wordpress\/ -->\n<title>Bornholm: Erlebt einen tollen Fr\u00fchling an der d\u00e4nischen Ostsee - Infos hier<\/title>\n<meta name=\"description\" content=\"So wird Euch garantiert nicht langweilig - wir geben Euch Tipps f\u00fcr einen tollen Urlaub auf der Ostseeinsel Bornholm mit tollen Aktivit\u00e4ten mit Kindern.\" \/>\n<meta name=\"robots\" content=\"index, follow, max-snippet:-1, max-image-preview:large, max-video-preview:-1\" \/>\n<link rel=\"canonical\" href=\"https:\/\/bornholm.info\/de\/fruehling-fuer-kinder\/\" \/>\n<meta property=\"og:locale\" content=\"de_DE\" \/>\n<meta property=\"og:type\" content=\"article\" \/>\n<meta property=\"og:title\" content=\"B\u00f8rnevenlig for\u00e5rsferie p\u00e5 Bornholm\" \/>\n<meta property=\"og:description\" content=\"Det er for\u00e5r \u2013 en tid som mange b\u00f8rnefamilier ser frem til. For hvad er bedre end at kunne komme ud i naturen igen, m\u00e6rke solens varme str\u00e5ler og ind\u00e5nde den klare friske luft efter de lange, m\u00f8rke vinterm\u00e5neder. Nu er det tid til udend\u00f8rs oplevelser og eventyr for store og sm\u00e5 og Bornholm har her rigtig meget at byde p\u00e5.\" \/>\n<meta property=\"og:url\" content=\"https:\/\/bornholm.info\/de\/fruehling-fuer-kinder\/\" \/>\n<meta property=\"og:site_name\" content=\"Destination Bornholm\" \/>\n<meta property=\"article:publisher\" content=\"https:\/\/www.facebook.com\/bornholminfo\" \/>\n<meta property=\"article:modified_time\" content=\"2025-03-18T14:01:16+00:00\" \/>\n<meta property=\"og:image\" content=\"https:\/\/bornholm.info\/wp-content\/media\/2018\/01\/header-familie-foraar-1920x830-v4.jpg\" \/>\n\t<meta property=\"og:image:width\" content=\"1920\" \/>\n\t<meta property=\"og:image:height\" content=\"830\" \/>\n\t<meta property=\"og:image:type\" content=\"image\/jpeg\" \/>\n<meta name=\"twitter:card\" content=\"summary_large_image\" \/>\n<meta name=\"twitter:title\" content=\"B\u00f8rnevenlig for\u00e5rsferie p\u00e5 Bornholm\" \/>\n<meta name=\"twitter:description\" content=\"Det er for\u00e5r \u2013 en tid som mange b\u00f8rnefamilier ser frem til. For hvad er bedre end at kunne komme ud i naturen igen, m\u00e6rke solens varme str\u00e5ler og ind\u00e5nde den klare friske luft efter de lange, m\u00f8rke vinterm\u00e5neder. Nu er det tid til udend\u00f8rs oplevelser og eventyr for store og sm\u00e5 og Bornholm har her rigtig meget at byde p\u00e5.\" \/>\n<script type=\"application\/ld+json\" class=\"yoast-schema-graph\">{\"@context\":\"https:\\\/\\\/schema.org\",\"@graph\":[{\"@type\":\"WebPage\",\"@id\":\"https:\\\/\\\/bornholm.info\\\/de\\\/fruehling-fuer-kinder\\\/\",\"url\":\"https:\\\/\\\/bornholm.info\\\/de\\\/fruehling-fuer-kinder\\\/\",\"name\":\"Bornholm: Erlebt einen tollen Fr\u00fchling an der d\u00e4nischen Ostsee - Infos hier\",\"isPartOf\":{\"@id\":\"https:\\\/\\\/bornholm.info\\\/de\\\/#website\"},\"datePublished\":\"2025-03-18T11:49:49+00:00\",\"dateModified\":\"2025-03-18T14:01:16+00:00\",\"description\":\"So wird Euch garantiert nicht langweilig - wir geben Euch Tipps f\u00fcr einen tollen Urlaub auf der Ostseeinsel Bornholm mit tollen Aktivit\u00e4ten mit Kindern.\",\"breadcrumb\":{\"@id\":\"https:\\\/\\\/bornholm.info\\\/de\\\/fruehling-fuer-kinder\\\/#breadcrumb\"},\"inLanguage\":\"de\",\"potentialAction\":[{\"@type\":\"ReadAction\",\"target\":[\"https:\\\/\\\/bornholm.info\\\/de\\\/fruehling-fuer-kinder\\\/\"]}]},{\"@type\":\"BreadcrumbList\",\"@id\":\"https:\\\/\\\/bornholm.info\\\/de\\\/fruehling-fuer-kinder\\\/#breadcrumb\",\"itemListElement\":[{\"@type\":\"ListItem\",\"position\":1,\"name\":\"Home\",\"item\":\"https:\\\/\\\/bornholm.info\\\/de\\\/\"},{\"@type\":\"ListItem\",\"position\":2,\"name\":\"Tolle Erlebnisse f\u00fcr Kinder im Fr\u00fchling\"}]},{\"@type\":\"WebSite\",\"@id\":\"https:\\\/\\\/bornholm.info\\\/de\\\/#website\",\"url\":\"https:\\\/\\\/bornholm.info\\\/de\\\/\",\"name\":\"Destination Bornholm\",\"description\":\"The Official Travel Guide to Bornholm\",\"potentialAction\":[{\"@type\":\"SearchAction\",\"target\":{\"@type\":\"EntryPoint\",\"urlTemplate\":\"https:\\\/\\\/bornholm.info\\\/de\\\/?s={search_term_string}\"},\"query-input\":{\"@type\":\"PropertyValueSpecification\",\"valueRequired\":true,\"valueName\":\"search_term_string\"}}],\"inLanguage\":\"de\"}]}<\/script>\n<!-- \/ Yoast SEO plugin. -->","yoast_head_json":{"title":"Bornholm: Erlebt einen tollen Fr\u00fchling an der d\u00e4nischen Ostsee - Infos hier","description":"So wird Euch garantiert nicht langweilig - wir geben Euch Tipps f\u00fcr einen tollen Urlaub auf der Ostseeinsel Bornholm mit tollen Aktivit\u00e4ten mit Kindern.","robots":{"index":"index","follow":"follow","max-snippet":"max-snippet:-1","max-image-preview":"max-image-preview:large","max-video-preview":"max-video-preview:-1"},"canonical":"https:\/\/bornholm.info\/de\/fruehling-fuer-kinder\/","og_locale":"de_DE","og_type":"article","og_title":"B\u00f8rnevenlig for\u00e5rsferie p\u00e5 Bornholm","og_description":"Det er for\u00e5r \u2013 en tid som mange b\u00f8rnefamilier ser frem til. For hvad er bedre end at kunne komme ud i naturen igen, m\u00e6rke solens varme str\u00e5ler og ind\u00e5nde den klare friske luft efter de lange, m\u00f8rke vinterm\u00e5neder. Nu er det tid til udend\u00f8rs oplevelser og eventyr for store og sm\u00e5 og Bornholm har her rigtig meget at byde p\u00e5.","og_url":"https:\/\/bornholm.info\/de\/fruehling-fuer-kinder\/","og_site_name":"Destination Bornholm","article_publisher":"https:\/\/www.facebook.com\/bornholminfo","article_modified_time":"2025-03-18T14:01:16+00:00","og_image":[{"width":1920,"height":830,"url":"https:\/\/bornholm.info\/wp-content\/media\/2018\/01\/header-familie-foraar-1920x830-v4.jpg","type":"image\/jpeg"}],"twitter_card":"summary_large_image","twitter_title":"B\u00f8rnevenlig for\u00e5rsferie p\u00e5 Bornholm","twitter_description":"Det er for\u00e5r \u2013 en tid som mange b\u00f8rnefamilier ser frem til. For hvad er bedre end at kunne komme ud i naturen igen, m\u00e6rke solens varme str\u00e5ler og ind\u00e5nde den klare friske luft efter de lange, m\u00f8rke vinterm\u00e5neder. Nu er det tid til udend\u00f8rs oplevelser og eventyr for store og sm\u00e5 og Bornholm har her rigtig meget at byde p\u00e5.","schema":{"@context":"https:\/\/schema.org","@graph":[{"@type":"WebPage","@id":"https:\/\/bornholm.info\/de\/fruehling-fuer-kinder\/","url":"https:\/\/bornholm.info\/de\/fruehling-fuer-kinder\/","name":"Bornholm: Erlebt einen tollen Fr\u00fchling an der d\u00e4nischen Ostsee - Infos hier","isPartOf":{"@id":"https:\/\/bornholm.info\/de\/#website"},"datePublished":"2025-03-18T11:49:49+00:00","dateModified":"2025-03-18T14:01:16+00:00","description":"So wird Euch garantiert nicht langweilig - wir geben Euch Tipps f\u00fcr einen tollen Urlaub auf der Ostseeinsel Bornholm mit tollen Aktivit\u00e4ten mit Kindern.","breadcrumb":{"@id":"https:\/\/bornholm.info\/de\/fruehling-fuer-kinder\/#breadcrumb"},"inLanguage":"de","potentialAction":[{"@type":"ReadAction","target":["https:\/\/bornholm.info\/de\/fruehling-fuer-kinder\/"]}]},{"@type":"BreadcrumbList","@id":"https:\/\/bornholm.info\/de\/fruehling-fuer-kinder\/#breadcrumb","itemListElement":[{"@type":"ListItem","position":1,"name":"Home","item":"https:\/\/bornholm.info\/de\/"},{"@type":"ListItem","position":2,"name":"Tolle Erlebnisse f\u00fcr Kinder im Fr\u00fchling"}]},{"@type":"WebSite","@id":"https:\/\/bornholm.info\/de\/#website","url":"https:\/\/bornholm.info\/de\/","name":"Destination Bornholm","description":"The Official Travel Guide to Bornholm","potentialAction":[{"@type":"SearchAction","target":{"@type":"EntryPoint","urlTemplate":"https:\/\/bornholm.info\/de\/?s={search_term_string}"},"query-input":{"@type":"PropertyValueSpecification","valueRequired":true,"valueName":"search_term_string"}}],"inLanguage":"de"}]}},"_links":{"self":[{"href":"https:\/\/bornholm.info\/de\/wp-json\/wp\/v2\/pages\/12498","targetHints":{"allow":["GET"]}}],"collection":[{"href":"https:\/\/bornholm.info\/de\/wp-json\/wp\/v2\/pages"}],"about":[{"href":"https:\/\/bornholm.info\/de\/wp-json\/wp\/v2\/types\/page"}],"author":[{"embeddable":true,"href":"https:\/\/bornholm.info\/de\/wp-json\/wp\/v2\/users\/9"}],"replies":[{"embeddable":true,"href":"https:\/\/bornholm.info\/de\/wp-json\/wp\/v2\/comments?post=12498"}],"version-history":[{"count":5,"href":"https:\/\/bornholm.info\/de\/wp-json\/wp\/v2\/pages\/12498\/revisions"}],"predecessor-version":[{"id":81797,"href":"https:\/\/bornholm.info\/de\/wp-json\/wp\/v2\/pages\/12498\/revisions\/81797"}],"wp:attachment":[{"href":"https:\/\/bornholm.info\/de\/wp-json\/wp\/v2\/media?parent=12498"}],"curies":[{"name":"wp","href":"https:\/\/api.w.org\/{rel}","templated":true}]}}